{"id":453,"date":"2023-01-26T04:33:37","date_gmt":"2023-01-26T04:33:37","guid":{"rendered":"http:\/\/127.0.0.1\/liberk\/?page_id=453"},"modified":"2026-03-11T14:19:20","modified_gmt":"2026-03-11T14:19:20","slug":"contacto","status":"publish","type":"page","link":"https:\/\/crolatam.com\/hr\/contacto\/","title":{"rendered":"Kontakt"},"content":{"rendered":"<h3 class=\"wp-block-heading\"><strong>Pove\u017eimo se!<\/strong><\/h3><p>U <strong>HRVATSKA LATAMIJA<\/strong> \u017delimo \u010duti va\u0161e mi\u0161ljenje. Ako imate bilo kakvih pitanja, prijedloga ili biste \u017eeljeli sura\u0111ivati s nama, slobodno nas kontaktirajte. Ovdje smo da vam donesemo najautenti\u010dniju Hrvatsku. \ud83c\udf0d\ud83d\udce9<\/p><p><strong>E-po\u0161ta<\/strong>crolatamnews@gmail.com<br><strong>Telefon<\/strong>: +54 9 11 2406 6950<br><strong>Dru\u0161tvene mre\u017ee: <\/strong> <br><a href=\"https:\/\/www.instagram.com\/CroLatam.noticias\">https:\/\/www.instagram.com\/CroLatam.noticias<\/a><br><a href=\"https:\/\/www.facebook.com\/CroLatam.noticias\">https:\/\/www.facebook.com\/CroLatam.noticias<\/a><\/p><h3 class=\"wp-block-heading custom-margin\">Kontaktirajte nas<\/h3>\n<div class=\"wpcf7 no-js\" id=\"wpcf7-f3864-o1\" lang=\"en-US\" dir=\"ltr\" data-wpcf7-id=\"3864\">\n<div class=\"screen-reader-response\"><p role=\"status\" aria-live=\"polite\" aria-atomic=\"true\"><\/p> <ul><\/ul><\/div>\n<form action=\"\/hr\/wp-json\/wp\/v2\/pages\/453#wpcf7-f3864-o1\" method=\"post\" class=\"wpcf7-form init\" aria-label=\"Contact form\" novalidate=\"novalidate\" data-status=\"init\" data-trp-original-action=\"\/hr\/wp-json\/wp\/v2\/pages\/453#wpcf7-f3864-o1\">\n<div style=\"display: none;\">\n<input type=\"hidden\" name=\"_wpcf7\" value=\"3864\" \/>\n<input type=\"hidden\" name=\"_wpcf7_version\" value=\"6.0.3\" \/>\n<input type=\"hidden\" name=\"_wpcf7_locale\" value=\"en_US\" \/>\n<input type=\"hidden\" name=\"_wpcf7_unit_tag\" value=\"wpcf7-f3864-o1\" \/>\n<input type=\"hidden\" name=\"_wpcf7_container_post\" value=\"0\" \/>\n<input type=\"hidden\" name=\"_wpcf7_posted_data_hash\" value=\"\" \/>\n<\/div>\n<div class=\"comment-form-wrapper\">\n\t<div id=\"commentform\" class=\"comment-form\">\n\t\t<p><span class=\"wpcf7-form-control-wrap\" data-name=\"text-477\"><input size=\"40\" maxlength=\"400\" class=\"wpcf7-form-control wpcf7-text form-control\" aria-invalid=\"false\" placeholder=\"Ime\" value=\"\" type=\"text\" name=\"text-477\" \/><\/span><br \/>\n<span class=\"wpcf7-form-control-wrap\" data-name=\"email-122\"><input size=\"40\" maxlength=\"400\" class=\"wpcf7-form-control wpcf7-email wpcf7-text wpcf7-validates-as-email form-control\" aria-invalid=\"false\" placeholder=\"E-po\u0161ta\" value=\"\" type=\"email\" name=\"email-122\" \/><\/span><br \/>\n<span class=\"wpcf7-form-control-wrap\" data-name=\"text-538\"><input size=\"40\" maxlength=\"400\" class=\"wpcf7-form-control wpcf7-text form-control\" aria-invalid=\"false\" placeholder=\"Afera\" value=\"\" type=\"text\" name=\"text-538\" \/><\/span><br \/>\n<span class=\"wpcf7-form-control-wrap\" data-name=\"textarea-918\"><textarea cols=\"40\" rows=\"10\" maxlength=\"2000\" class=\"wpcf7-form-control wpcf7-textarea form-control msg-box\" aria-invalid=\"false\" name=\"textarea-918\">Mensaje<\/textarea><\/span><br \/>\n<input class=\"wpcf7-form-control wpcf7-submit has-spinner btn-comments btn btn-primary\" type=\"submit\" value=\"Poslati\" \/>\n\t\t<\/p>\n\t<\/div>\n<\/div><div class=\"wpcf7-response-output\" aria-hidden=\"true\"><\/div>\n<input type=\"hidden\" name=\"trp-form-language\" value=\"hr\"\/><\/form>\n<\/div>","protected":false},"excerpt":{"rendered":"<p>\u00a1Conectemos! En CRO LATAM queremos escucharte. Si ten\u00e9s consultas, sugerencias o quer\u00e9s colaborar con nosotros, no dudes en escribirnos. Estamos aqu\u00ed para acercarte Croacia de la manera m\u00e1s aut\u00e9ntica. \ud83c\udf0d\ud83d\udce9 Email: crolatamnews@gmail.comTel\u00e9fono: +54 9 11 2406 6950Redes Sociales: https:\/\/www.instagram.com\/CroLatam.noticiashttps:\/\/www.facebook.com\/CroLatam.noticias Contactanos<\/p>","protected":false},"author":1,"featured_media":0,"parent":0,"menu_order":0,"comment_status":"closed","ping_status":"closed","template":"","meta":{"footnotes":""},"class_list":["post-453","page","type-page","status-publish","hentry"],"_links":{"self":[{"href":"https:\/\/crolatam.com\/hr\/wp-json\/wp\/v2\/pages\/453","targetHints":{"allow":["GET"]}}],"collection":[{"href":"https:\/\/crolatam.com\/hr\/wp-json\/wp\/v2\/pages"}],"about":[{"href":"https:\/\/crolatam.com\/hr\/wp-json\/wp\/v2\/types\/page"}],"author":[{"embeddable":true,"href":"https:\/\/crolatam.com\/hr\/wp-json\/wp\/v2\/users\/1"}],"replies":[{"embeddable":true,"href":"https:\/\/crolatam.com\/hr\/wp-json\/wp\/v2\/comments?post=453"}],"version-history":[{"count":7,"href":"https:\/\/crolatam.com\/hr\/wp-json\/wp\/v2\/pages\/453\/revisions"}],"predecessor-version":[{"id":4816,"href":"https:\/\/crolatam.com\/hr\/wp-json\/wp\/v2\/pages\/453\/revisions\/4816"}],"wp:attachment":[{"href":"https:\/\/crolatam.com\/hr\/wp-json\/wp\/v2\/media?parent=453"}],"curies":[{"name":"wp","href":"https:\/\/api.w.org\/{rel}","templated":true}]}}