{"id":4712,"date":"2026-02-02T19:06:38","date_gmt":"2026-02-02T19:06:38","guid":{"rendered":"https:\/\/crolatam.com\/?page_id=4712"},"modified":"2026-03-11T13:25:46","modified_gmt":"2026-03-11T13:25:46","slug":"impressum","status":"publish","type":"page","link":"https:\/\/crolatam.com\/hrv\/impressum\/","title":{"rendered":"Otisak"},"content":{"rendered":"<div data-elementor-type=\"wp-page\" data-elementor-id=\"4712\" class=\"elementor elementor-4712\">\n\t\t\t\t<div class=\"elementor-element elementor-element-4a0959e e-con-full e-flex e-con e-parent\" data-id=\"4a0959e\" data-element_type=\"container\">\n\t\t<div class=\"elementor-element elementor-element-8804e19 e-con-full e-flex e-con e-child\" data-id=\"8804e19\" data-element_type=\"container\">\n\t\t\t\t<div class=\"elementor-element elementor-element-7beb78c elementor-widget elementor-widget-image\" data-id=\"7beb78c\" data-element_type=\"widget\" data-widget_type=\"image.default\">\n\t\t\t\t<div class=\"elementor-widget-container\">\n\t\t\t\t\t\t\t\t\t\t\t\t\t\t\t<img fetchpriority=\"high\" decoding=\"async\" width=\"240\" height=\"300\" src=\"https:\/\/crolatam.com\/wp-content\/uploads\/2026\/02\/Miho-240x300.png\" class=\"attachment-medium size-medium wp-image-4714\" alt=\"\" srcset=\"https:\/\/crolatam.com\/wp-content\/uploads\/2026\/02\/Miho-240x300.png 240w, https:\/\/crolatam.com\/wp-content\/uploads\/2026\/02\/Miho-819x1024.png 819w, https:\/\/crolatam.com\/wp-content\/uploads\/2026\/02\/Miho-768x960.png 768w, https:\/\/crolatam.com\/wp-content\/uploads\/2026\/02\/Miho-1229x1536.png 1229w, https:\/\/crolatam.com\/wp-content\/uploads\/2026\/02\/Miho-1638x2048.png 1638w, https:\/\/crolatam.com\/wp-content\/uploads\/2026\/02\/Miho-600x750.png 600w, https:\/\/crolatam.com\/wp-content\/uploads\/2026\/02\/Miho-scaled.png 2048w\" sizes=\"(max-width: 240px) 100vw, 240px\" \/>\t\t\t\t\t\t\t\t\t\t\t\t\t\t\t<\/div>\n\t\t\t\t<\/div>\n\t\t\t\t<div class=\"elementor-element elementor-element-7d5c6fe elementor-widget elementor-widget-heading\" data-id=\"7d5c6fe\" data-element_type=\"widget\" data-widget_type=\"heading.default\">\n\t\t\t\t<div class=\"elementor-widget-container\">\n\t\t\t\t\t<h2 class=\"elementor-heading-title elementor-size-default\">Miho Dobra\u0161in<\/h2>\t\t\t\t<\/div>\n\t\t\t\t<\/div>\n\t\t\t\t<div class=\"elementor-element elementor-element-9bd22ad elementor-widget elementor-widget-text-editor\" data-id=\"9bd22ad\" data-element_type=\"widget\" data-widget_type=\"text-editor.default\">\n\t\t\t\t<div class=\"elementor-widget-container\">\n\t\t\t\t\t\t\t\t\t<p>Novinar s preko 20 godina iskustva u hrvatskim i me\u0111unarodnim medijima. Magistrirao me\u0111unarodne odnose i diplomaciju na Sveu\u010dili\u0161tu Complutense u Madridu i diplomirao ekonomiju, s poslijediplomskim studijem makroekonomije na Sveu\u010dili\u0161tu u Zagrebu. Dobitnik Europskih novinarskih nagrada 2010. i 2023. godine.<\/p>\t\t\t\t\t\t\t\t<\/div>\n\t\t\t\t<\/div>\n\t\t\t\t<\/div>\n\t\t<div class=\"elementor-element elementor-element-adcc472 e-con-full e-flex e-con e-child\" data-id=\"adcc472\" data-element_type=\"container\">\n\t\t\t\t<div class=\"elementor-element elementor-element-6f5f132 elementor-widget elementor-widget-image\" data-id=\"6f5f132\" data-element_type=\"widget\" data-widget_type=\"image.default\">\n\t\t\t\t<div class=\"elementor-widget-container\">\n\t\t\t\t\t\t\t\t\t\t\t\t\t\t\t<img decoding=\"async\" width=\"240\" height=\"300\" src=\"https:\/\/crolatam.com\/wp-content\/uploads\/2026\/02\/Ines-240x300.png\" class=\"attachment-medium size-medium wp-image-4718\" alt=\"\" srcset=\"https:\/\/crolatam.com\/wp-content\/uploads\/2026\/02\/Ines-240x300.png 240w, https:\/\/crolatam.com\/wp-content\/uploads\/2026\/02\/Ines-819x1024.png 819w, https:\/\/crolatam.com\/wp-content\/uploads\/2026\/02\/Ines-768x960.png 768w, https:\/\/crolatam.com\/wp-content\/uploads\/2026\/02\/Ines-1229x1536.png 1229w, https:\/\/crolatam.com\/wp-content\/uploads\/2026\/02\/Ines-1638x2048.png 1638w, https:\/\/crolatam.com\/wp-content\/uploads\/2026\/02\/Ines-600x750.png 600w, https:\/\/crolatam.com\/wp-content\/uploads\/2026\/02\/Ines-scaled.png 2048w\" sizes=\"(max-width: 240px) 100vw, 240px\" \/>\t\t\t\t\t\t\t\t\t\t\t\t\t\t\t<\/div>\n\t\t\t\t<\/div>\n\t\t\t\t<div class=\"elementor-element elementor-element-4cf4e5e elementor-widget elementor-widget-heading\" data-id=\"4cf4e5e\" data-element_type=\"widget\" data-widget_type=\"heading.default\">\n\t\t\t\t<div class=\"elementor-widget-container\">\n\t\t\t\t\t<h2 class=\"elementor-heading-title elementor-size-default\">Mar\u00eda In\u00e9s Vucko\n<\/h2>\t\t\t\t<\/div>\n\t\t\t\t<\/div>\n\t\t\t\t<div class=\"elementor-element elementor-element-4c20f41 elementor-widget elementor-widget-text-editor\" data-id=\"4c20f41\" data-element_type=\"widget\" data-widget_type=\"text-editor.default\">\n\t\t\t\t<div class=\"elementor-widget-container\">\n\t\t\t\t\t\t\t\t\t<p>Diplomirani student dru\u0161tvenih komunikacija s iskustvom u digitalnoj komunikaciji, pisanju sadr\u017eaja i upravljanju dru\u0161tvenim mre\u017eama. Iskustvo u planiranju sadr\u017eaja, upravljanju zajednicom i razvoju strate\u0161ke komunikacije za digitalna okru\u017eenja.<\/p>\t\t\t\t\t\t\t\t<\/div>\n\t\t\t\t<\/div>\n\t\t\t\t<\/div>\n\t\t\t\t<\/div>\n\t\t\t\t<\/div>","protected":false},"excerpt":{"rendered":"<p>Miho Dobra\u0161in Periodista con m\u00e1s de 20 a\u00f1os de trayectoria en medios croatas e internacionales. M\u00e1ster en Relaciones Internacionales y Diplomacia por la Universidad Complutense de Madrid y licenciado en Econom\u00eda, con posgrado en Macroeconom\u00eda por la Universidad de Zagreb. Ganador de premios europeos de periodismo en 2010 y 2023. Mar\u00eda In\u00e9s Vucko Licenciada en [&hellip;]<\/p>\n","protected":false},"author":1,"featured_media":0,"parent":0,"menu_order":0,"comment_status":"closed","ping_status":"closed","template":"","meta":{"footnotes":""},"class_list":["post-4712","page","type-page","status-publish","hentry"],"_links":{"self":[{"href":"https:\/\/crolatam.com\/hrv\/wp-json\/wp\/v2\/pages\/4712","targetHints":{"allow":["GET"]}}],"collection":[{"href":"https:\/\/crolatam.com\/hrv\/wp-json\/wp\/v2\/pages"}],"about":[{"href":"https:\/\/crolatam.com\/hrv\/wp-json\/wp\/v2\/types\/page"}],"author":[{"embeddable":true,"href":"https:\/\/crolatam.com\/hrv\/wp-json\/wp\/v2\/users\/1"}],"replies":[{"embeddable":true,"href":"https:\/\/crolatam.com\/hrv\/wp-json\/wp\/v2\/comments?post=4712"}],"version-history":[{"count":44,"href":"https:\/\/crolatam.com\/hrv\/wp-json\/wp\/v2\/pages\/4712\/revisions"}],"predecessor-version":[{"id":4814,"href":"https:\/\/crolatam.com\/hrv\/wp-json\/wp\/v2\/pages\/4712\/revisions\/4814"}],"wp:attachment":[{"href":"https:\/\/crolatam.com\/hrv\/wp-json\/wp\/v2\/media?parent=4712"}],"curies":[{"name":"wp","href":"https:\/\/api.w.org\/{rel}","templated":true}]}}